{"id":4717,"date":"2025-06-26T12:24:37","date_gmt":"2025-06-26T09:24:37","guid":{"rendered":"https:\/\/mares.ro\/practices\/sanctiuni-internationale\/"},"modified":"2025-06-26T12:41:38","modified_gmt":"2025-06-26T09:41:38","slug":"international-sanctions","status":"publish","type":"page","link":"https:\/\/mares.ro\/en\/practices\/international-sanctions\/","title":{"rendered":"International Sanctions"},"content":{"rendered":"\t\t<div data-elementor-type=\"wp-page\" data-elementor-id=\"4717\" class=\"elementor elementor-4717 elementor-4693\" data-elementor-post-type=\"page\">\n\t\t\t\t<div class=\"elementor-element elementor-element-c8b003b e-flex e-con-boxed e-con e-parent\" data-id=\"c8b003b\" data-element_type=\"container\" data-e-type=\"container\" data-settings=\"{&quot;background_background&quot;:&quot;classic&quot;}\">\n\t\t\t\t\t<div class=\"e-con-inner\">\n\t\t<div class=\"elementor-element elementor-element-46d8e4d e-con-full e-flex e-con e-child\" data-id=\"46d8e4d\" data-element_type=\"container\" data-e-type=\"container\">\n\t\t\t\t<div class=\"elementor-element elementor-element-f74e682 elementor-widget elementor-widget-text-editor\" data-id=\"f74e682\" data-element_type=\"widget\" data-e-type=\"widget\" data-widget_type=\"text-editor.default\">\n\t\t\t\t<div class=\"elementor-widget-container\">\n\t\t\t\t\t\t\t\t\t<p>Our law firm provide expert legal counsel on national and international sanctions, imposed under restrictive regimes with significant commercial, financial, and reputational implications. We assist companies, financial institutions, and individuals in identifying compliance obligations, assessing risks, and managing the legal impact of sanctions on ongoing operations.<\/p>\n<p>Sanctions regimes may include freezing of bank accounts and other financial assets, blocking of guarantees, collateral, and security instruments, prohibitions on the provision of goods, services, or technologies, contractual, financial, or mobility-related restrictions (e.g. travel bans).<br \/>We represent clients before national and international authorities in challenging listings, filing delisting requests, seeking suspension of enforcement, and pursuing related litigation.<\/p>\n<p>Our approach combines deep legal expertise with practical understanding of how sanctions operate in sensitive contexts such as international tensions, strategic sectors, and cross-border transactions.<\/p>\t\t\t\t\t\t\t\t<\/div>\n\t\t\t\t<\/div>\n\t\t\t\t<\/div>\n\t\t<div class=\"elementor-element elementor-element-a0747f2 e-con-full e-flex e-con e-child\" data-id=\"a0747f2\" data-element_type=\"container\" data-e-type=\"container\">\n\t\t\t\t<div class=\"elementor-element elementor-element-d369a88 elementor-widget elementor-widget-image\" data-id=\"d369a88\" data-element_type=\"widget\" data-e-type=\"widget\" data-widget_type=\"image.default\">\n\t\t\t\t<div class=\"elementor-widget-container\">\n\t\t\t\t\t\t\t\t\t\t\t\t\t\t\t<img fetchpriority=\"high\" decoding=\"async\" width=\"2000\" height=\"1586\" src=\"https:\/\/mares.ro\/wp-content\/uploads\/2023\/09\/3.jpg\" class=\"attachment-full size-full wp-image-2272\" alt=\"\" srcset=\"https:\/\/mares.ro\/wp-content\/uploads\/2023\/09\/3.jpg 2000w, https:\/\/mares.ro\/wp-content\/uploads\/2023\/09\/3-300x238.jpg 300w, https:\/\/mares.ro\/wp-content\/uploads\/2023\/09\/3-1024x812.jpg 1024w, https:\/\/mares.ro\/wp-content\/uploads\/2023\/09\/3-768x609.jpg 768w, https:\/\/mares.ro\/wp-content\/uploads\/2023\/09\/3-1536x1218.jpg 1536w\" sizes=\"(max-width: 2000px) 100vw, 2000px\" \/>\t\t\t\t\t\t\t\t\t\t\t\t\t\t\t<\/div>\n\t\t\t\t<\/div>\n\t\t\t\t<\/div>\n\t\t\t\t\t<\/div>\n\t\t\t\t<\/div>\n\t\t\t\t<\/div>\n\t\t","protected":false},"excerpt":{"rendered":"<p>Our law firm provide expert legal counsel on national and international sanctions, imposed under restrictive regimes with significant commercial, financial, and reputational implications. We assist companies, financial institutions, and individuals in identifying compliance obligations, assessing risks, and managing the legal impact of sanctions on ongoing operations. Sanctions regimes may include freezing of bank accounts and [&hellip;]<\/p>\n","protected":false},"author":1,"featured_media":643,"parent":952,"menu_order":0,"comment_status":"closed","ping_status":"closed","template":"","meta":{"footnotes":""},"class_list":["post-4717","page","type-page","status-publish","has-post-thumbnail","hentry"],"yoast_head":"<!-- This site is optimized with the Yoast SEO plugin v26.5 - https:\/\/yoast.com\/wordpress\/plugins\/seo\/ -->\n<title>Mare\u0219 &amp; Mare\u0219 - International Sanctions | Corup\u021bie | DNA | DIICOT | Mit\u0103 | Fraud\u0103 | Extr\u0103dare<\/title>\n<meta name=\"description\" content=\"Speciali\u0219ti \u00een Drept Penal, Infrac\u021biuni Economice, Deturnare de Fonduri, Mit\u0103, Corup\u021bie, cazuri investigate de DNA, DIICOT \u0219i ANI.\" \/>\n<meta name=\"robots\" content=\"index, follow, max-snippet:-1, max-image-preview:large, max-video-preview:-1\" \/>\n<link rel=\"canonical\" href=\"https:\/\/mares.ro\/en\/practices\/international-sanctions\/\" \/>\n<meta property=\"og:locale\" content=\"en_US\" \/>\n<meta property=\"og:type\" content=\"article\" \/>\n<meta property=\"og:title\" content=\"Avoca\u021bi specializa\u021bi \u00een dreptul penal al afacerilor \u0219i infrac\u021biuni economice\" \/>\n<meta property=\"og:description\" content=\"Avoca\u021bi specializa\u021bi \u00een Dreptul Penal al afacerilor, Infrac\u021biuni Economice, Deturnare de Fonduri, Mit\u0103, Corup\u021bie, Fraud\u0103, \u00een cazuri investigate de DNA, DIICOT \u0219i ANI.\" \/>\n<meta property=\"og:url\" content=\"https:\/\/mares.ro\/en\/practices\/international-sanctions\/\" \/>\n<meta property=\"og:site_name\" content=\"Mare\u0219 &amp; Mare\u0219\" \/>\n<meta property=\"article:modified_time\" content=\"2025-06-26T09:41:38+00:00\" \/>\n<meta property=\"og:image\" content=\"https:\/\/mares.ro\/wp-content\/uploads\/2023\/04\/Imagine-1-HOME-website-2-e1609079828804.jpg\" \/>\n\t<meta property=\"og:image:width\" content=\"1000\" \/>\n\t<meta property=\"og:image:height\" content=\"720\" \/>\n\t<meta property=\"og:image:type\" content=\"image\/jpeg\" \/>\n<meta name=\"twitter:card\" content=\"summary_large_image\" \/>\n<meta name=\"twitter:label1\" content=\"Est. reading time\" \/>\n\t<meta name=\"twitter:data1\" content=\"1 minute\" \/>\n<script type=\"application\/ld+json\" class=\"yoast-schema-graph\">{\"@context\":\"https:\/\/schema.org\",\"@graph\":[{\"@type\":\"WebPage\",\"@id\":\"https:\/\/mares.ro\/en\/practices\/international-sanctions\/\",\"url\":\"https:\/\/mares.ro\/en\/practices\/international-sanctions\/\",\"name\":\"Mare\u0219 &amp; Mare\u0219 - International Sanctions | Corup\u021bie | DNA | DIICOT | Mit\u0103 | Fraud\u0103 | Extr\u0103dare\",\"isPartOf\":{\"@id\":\"https:\/\/mares.ro\/en\/#website\"},\"primaryImageOfPage\":{\"@id\":\"https:\/\/mares.ro\/en\/practices\/international-sanctions\/#primaryimage\"},\"image\":{\"@id\":\"https:\/\/mares.ro\/en\/practices\/international-sanctions\/#primaryimage\"},\"thumbnailUrl\":\"https:\/\/mares.ro\/wp-content\/uploads\/2023\/04\/Imagine-1-HOME-website-2-e1609079828804.jpg\",\"datePublished\":\"2025-06-26T09:24:37+00:00\",\"dateModified\":\"2025-06-26T09:41:38+00:00\",\"description\":\"Speciali\u0219ti \u00een Drept Penal, Infrac\u021biuni Economice, Deturnare de Fonduri, Mit\u0103, Corup\u021bie, cazuri investigate de DNA, DIICOT \u0219i ANI.\",\"breadcrumb\":{\"@id\":\"https:\/\/mares.ro\/en\/practices\/international-sanctions\/#breadcrumb\"},\"inLanguage\":\"en-US\",\"potentialAction\":[{\"@type\":\"ReadAction\",\"target\":[\"https:\/\/mares.ro\/en\/practices\/international-sanctions\/\"]}]},{\"@type\":\"ImageObject\",\"inLanguage\":\"en-US\",\"@id\":\"https:\/\/mares.ro\/en\/practices\/international-sanctions\/#primaryimage\",\"url\":\"https:\/\/mares.ro\/wp-content\/uploads\/2023\/04\/Imagine-1-HOME-website-2-e1609079828804.jpg\",\"contentUrl\":\"https:\/\/mares.ro\/wp-content\/uploads\/2023\/04\/Imagine-1-HOME-website-2-e1609079828804.jpg\",\"width\":1000,\"height\":720},{\"@type\":\"BreadcrumbList\",\"@id\":\"https:\/\/mares.ro\/en\/practices\/international-sanctions\/#breadcrumb\",\"itemListElement\":[{\"@type\":\"ListItem\",\"position\":1,\"name\":\"Prima pagin\u0103\",\"item\":\"https:\/\/mares.ro\/en\/\"},{\"@type\":\"ListItem\",\"position\":2,\"name\":\"Practices\",\"item\":\"https:\/\/mares.ro\/en\/practices\/\"},{\"@type\":\"ListItem\",\"position\":3,\"name\":\"International Sanctions\"}]},{\"@type\":\"WebSite\",\"@id\":\"https:\/\/mares.ro\/en\/#website\",\"url\":\"https:\/\/mares.ro\/en\/\",\"name\":\"Mare\u0219 &amp; Mare\u0219\",\"description\":\"Avoca\u021bi specializa\u021bi \u00een drept penal\",\"publisher\":{\"@id\":\"https:\/\/mares.ro\/en\/#organization\"},\"potentialAction\":[{\"@type\":\"SearchAction\",\"target\":{\"@type\":\"EntryPoint\",\"urlTemplate\":\"https:\/\/mares.ro\/en\/?s={search_term_string}\"},\"query-input\":{\"@type\":\"PropertyValueSpecification\",\"valueRequired\":true,\"valueName\":\"search_term_string\"}}],\"inLanguage\":\"en-US\"},{\"@type\":\"Organization\",\"@id\":\"https:\/\/mares.ro\/en\/#organization\",\"name\":\"Mare\u0219 & Mare\u0219\",\"url\":\"https:\/\/mares.ro\/en\/\",\"logo\":{\"@type\":\"ImageObject\",\"inLanguage\":\"en-US\",\"@id\":\"https:\/\/mares.ro\/en\/#\/schema\/logo\/image\/\",\"url\":\"https:\/\/mares.ro\/wp-content\/uploads\/2023\/04\/logo-banner.png\",\"contentUrl\":\"https:\/\/mares.ro\/wp-content\/uploads\/2023\/04\/logo-banner.png\",\"width\":1080,\"height\":350,\"caption\":\"Mare\u0219 & Mare\u0219\"},\"image\":{\"@id\":\"https:\/\/mares.ro\/en\/#\/schema\/logo\/image\/\"},\"sameAs\":[\"https:\/\/www.linkedin.com\/company\/mares-and-mares\/\"]}]}<\/script>\n<!-- \/ Yoast SEO plugin. -->","yoast_head_json":{"title":"Mare\u0219 &amp; Mare\u0219 - International Sanctions | Corup\u021bie | DNA | DIICOT | Mit\u0103 | Fraud\u0103 | Extr\u0103dare","description":"Speciali\u0219ti \u00een Drept Penal, Infrac\u021biuni Economice, Deturnare de Fonduri, Mit\u0103, Corup\u021bie, cazuri investigate de DNA, DIICOT \u0219i ANI.","robots":{"index":"index","follow":"follow","max-snippet":"max-snippet:-1","max-image-preview":"max-image-preview:large","max-video-preview":"max-video-preview:-1"},"canonical":"https:\/\/mares.ro\/en\/practices\/international-sanctions\/","og_locale":"en_US","og_type":"article","og_title":"Avoca\u021bi specializa\u021bi \u00een dreptul penal al afacerilor \u0219i infrac\u021biuni economice","og_description":"Avoca\u021bi specializa\u021bi \u00een Dreptul Penal al afacerilor, Infrac\u021biuni Economice, Deturnare de Fonduri, Mit\u0103, Corup\u021bie, Fraud\u0103, \u00een cazuri investigate de DNA, DIICOT \u0219i ANI.","og_url":"https:\/\/mares.ro\/en\/practices\/international-sanctions\/","og_site_name":"Mare\u0219 &amp; Mare\u0219","article_modified_time":"2025-06-26T09:41:38+00:00","og_image":[{"width":1000,"height":720,"url":"https:\/\/mares.ro\/wp-content\/uploads\/2023\/04\/Imagine-1-HOME-website-2-e1609079828804.jpg","type":"image\/jpeg"}],"twitter_card":"summary_large_image","twitter_misc":{"Est. reading time":"1 minute"},"schema":{"@context":"https:\/\/schema.org","@graph":[{"@type":"WebPage","@id":"https:\/\/mares.ro\/en\/practices\/international-sanctions\/","url":"https:\/\/mares.ro\/en\/practices\/international-sanctions\/","name":"Mare\u0219 &amp; Mare\u0219 - International Sanctions | Corup\u021bie | DNA | DIICOT | Mit\u0103 | Fraud\u0103 | Extr\u0103dare","isPartOf":{"@id":"https:\/\/mares.ro\/en\/#website"},"primaryImageOfPage":{"@id":"https:\/\/mares.ro\/en\/practices\/international-sanctions\/#primaryimage"},"image":{"@id":"https:\/\/mares.ro\/en\/practices\/international-sanctions\/#primaryimage"},"thumbnailUrl":"https:\/\/mares.ro\/wp-content\/uploads\/2023\/04\/Imagine-1-HOME-website-2-e1609079828804.jpg","datePublished":"2025-06-26T09:24:37+00:00","dateModified":"2025-06-26T09:41:38+00:00","description":"Speciali\u0219ti \u00een Drept Penal, Infrac\u021biuni Economice, Deturnare de Fonduri, Mit\u0103, Corup\u021bie, cazuri investigate de DNA, DIICOT \u0219i ANI.","breadcrumb":{"@id":"https:\/\/mares.ro\/en\/practices\/international-sanctions\/#breadcrumb"},"inLanguage":"en-US","potentialAction":[{"@type":"ReadAction","target":["https:\/\/mares.ro\/en\/practices\/international-sanctions\/"]}]},{"@type":"ImageObject","inLanguage":"en-US","@id":"https:\/\/mares.ro\/en\/practices\/international-sanctions\/#primaryimage","url":"https:\/\/mares.ro\/wp-content\/uploads\/2023\/04\/Imagine-1-HOME-website-2-e1609079828804.jpg","contentUrl":"https:\/\/mares.ro\/wp-content\/uploads\/2023\/04\/Imagine-1-HOME-website-2-e1609079828804.jpg","width":1000,"height":720},{"@type":"BreadcrumbList","@id":"https:\/\/mares.ro\/en\/practices\/international-sanctions\/#breadcrumb","itemListElement":[{"@type":"ListItem","position":1,"name":"Prima pagin\u0103","item":"https:\/\/mares.ro\/en\/"},{"@type":"ListItem","position":2,"name":"Practices","item":"https:\/\/mares.ro\/en\/practices\/"},{"@type":"ListItem","position":3,"name":"International Sanctions"}]},{"@type":"WebSite","@id":"https:\/\/mares.ro\/en\/#website","url":"https:\/\/mares.ro\/en\/","name":"Mare\u0219 &amp; Mare\u0219","description":"Avoca\u021bi specializa\u021bi \u00een drept penal","publisher":{"@id":"https:\/\/mares.ro\/en\/#organization"},"potentialAction":[{"@type":"SearchAction","target":{"@type":"EntryPoint","urlTemplate":"https:\/\/mares.ro\/en\/?s={search_term_string}"},"query-input":{"@type":"PropertyValueSpecification","valueRequired":true,"valueName":"search_term_string"}}],"inLanguage":"en-US"},{"@type":"Organization","@id":"https:\/\/mares.ro\/en\/#organization","name":"Mare\u0219 & Mare\u0219","url":"https:\/\/mares.ro\/en\/","logo":{"@type":"ImageObject","inLanguage":"en-US","@id":"https:\/\/mares.ro\/en\/#\/schema\/logo\/image\/","url":"https:\/\/mares.ro\/wp-content\/uploads\/2023\/04\/logo-banner.png","contentUrl":"https:\/\/mares.ro\/wp-content\/uploads\/2023\/04\/logo-banner.png","width":1080,"height":350,"caption":"Mare\u0219 & Mare\u0219"},"image":{"@id":"https:\/\/mares.ro\/en\/#\/schema\/logo\/image\/"},"sameAs":["https:\/\/www.linkedin.com\/company\/mares-and-mares\/"]}]}},"_links":{"self":[{"href":"https:\/\/mares.ro\/en\/wp-json\/wp\/v2\/pages\/4717","targetHints":{"allow":["GET"]}}],"collection":[{"href":"https:\/\/mares.ro\/en\/wp-json\/wp\/v2\/pages"}],"about":[{"href":"https:\/\/mares.ro\/en\/wp-json\/wp\/v2\/types\/page"}],"author":[{"embeddable":true,"href":"https:\/\/mares.ro\/en\/wp-json\/wp\/v2\/users\/1"}],"replies":[{"embeddable":true,"href":"https:\/\/mares.ro\/en\/wp-json\/wp\/v2\/comments?post=4717"}],"version-history":[{"count":5,"href":"https:\/\/mares.ro\/en\/wp-json\/wp\/v2\/pages\/4717\/revisions"}],"predecessor-version":[{"id":4723,"href":"https:\/\/mares.ro\/en\/wp-json\/wp\/v2\/pages\/4717\/revisions\/4723"}],"up":[{"embeddable":true,"href":"https:\/\/mares.ro\/en\/wp-json\/wp\/v2\/pages\/952"}],"wp:featuredmedia":[{"embeddable":true,"href":"https:\/\/mares.ro\/en\/wp-json\/wp\/v2\/media\/643"}],"wp:attachment":[{"href":"https:\/\/mares.ro\/en\/wp-json\/wp\/v2\/media?parent=4717"}],"curies":[{"name":"wp","href":"https:\/\/api.w.org\/{rel}","templated":true}]}}