{"id":4716,"date":"2025-06-26T12:30:41","date_gmt":"2025-06-26T09:30:41","guid":{"rendered":"https:\/\/mares.ro\/practices\/litigii-fiscale-drept-fiscal-international\/"},"modified":"2025-06-26T12:42:55","modified_gmt":"2025-06-26T09:42:55","slug":"tax-litigation-international-tax-law","status":"publish","type":"page","link":"https:\/\/mares.ro\/en\/practices\/tax-litigation-international-tax-law\/","title":{"rendered":"Tax Litigation \/ International Tax Law"},"content":{"rendered":"\t\t<div data-elementor-type=\"wp-page\" data-elementor-id=\"4716\" class=\"elementor elementor-4716 elementor-4698\" data-elementor-post-type=\"page\">\n\t\t\t\t<div class=\"elementor-element elementor-element-2231782 e-flex e-con-boxed e-con e-parent\" data-id=\"2231782\" data-element_type=\"container\" data-e-type=\"container\" data-settings=\"{&quot;background_background&quot;:&quot;classic&quot;}\">\n\t\t\t\t\t<div class=\"e-con-inner\">\n\t\t<div class=\"elementor-element elementor-element-965661c e-con-full e-flex e-con e-child\" data-id=\"965661c\" data-element_type=\"container\" data-e-type=\"container\">\n\t\t\t\t<div class=\"elementor-element elementor-element-30e8606 elementor-widget elementor-widget-text-editor\" data-id=\"30e8606\" data-element_type=\"widget\" data-e-type=\"widget\" data-widget_type=\"text-editor.default\">\n\t\t\t\t<div class=\"elementor-widget-container\">\n\t\t\t\t\t\t\t\t\t<p>In an increasingly complex fiscal landscape, our team provides strategic legal assistance in tax litigation and administrative proceedings concerning both direct and indirect taxes (VAT, excise duties, corporate and personal income tax, social contributions). We offer legal support in both pre-litigation phases and in challenging tax assessments, representing clients before tax authorities and national courts.<\/p><p>At the European level, we advise clients on the application of EU tax regulations, including administrative cooperation mechanisms such as automatic exchange of information and inter-state requests. We are also involved in state aid matters related to fiscal and financial measures, representing both beneficiaries and public authorities, including before the European Commission and the EU courts.<\/p><p>Through close collaboration with our white-collar crime team, we ensure an integrated approach to cases involving both tax and criminal components, delivering efficient, tailored solutions for each situation.<\/p><p>Additionally, we provide cross-border tax advisory services, helping companies and individuals manage international tax risks and comply with their legal obligations in a constantly evolving regulatory environment.<\/p>\t\t\t\t\t\t\t\t<\/div>\n\t\t\t\t<\/div>\n\t\t\t\t<\/div>\n\t\t<div class=\"elementor-element elementor-element-8313d24 e-con-full e-flex e-con e-child\" data-id=\"8313d24\" data-element_type=\"container\" data-e-type=\"container\">\n\t\t\t\t<div class=\"elementor-element elementor-element-1c54819 elementor-widget elementor-widget-image\" data-id=\"1c54819\" data-element_type=\"widget\" data-e-type=\"widget\" data-widget_type=\"image.default\">\n\t\t\t\t<div class=\"elementor-widget-container\">\n\t\t\t\t\t\t\t\t\t\t\t\t\t\t\t<img fetchpriority=\"high\" decoding=\"async\" width=\"2000\" height=\"1586\" src=\"https:\/\/mares.ro\/wp-content\/uploads\/2023\/09\/3.jpg\" class=\"attachment-full size-full wp-image-2272\" alt=\"\" srcset=\"https:\/\/mares.ro\/wp-content\/uploads\/2023\/09\/3.jpg 2000w, https:\/\/mares.ro\/wp-content\/uploads\/2023\/09\/3-300x238.jpg 300w, https:\/\/mares.ro\/wp-content\/uploads\/2023\/09\/3-1024x812.jpg 1024w, https:\/\/mares.ro\/wp-content\/uploads\/2023\/09\/3-768x609.jpg 768w, https:\/\/mares.ro\/wp-content\/uploads\/2023\/09\/3-1536x1218.jpg 1536w\" sizes=\"(max-width: 2000px) 100vw, 2000px\" \/>\t\t\t\t\t\t\t\t\t\t\t\t\t\t\t<\/div>\n\t\t\t\t<\/div>\n\t\t\t\t<\/div>\n\t\t\t\t\t<\/div>\n\t\t\t\t<\/div>\n\t\t\t\t<\/div>\n\t\t","protected":false},"excerpt":{"rendered":"<p>In an increasingly complex fiscal landscape, our team provides strategic legal assistance in tax litigation and administrative proceedings concerning both direct and indirect taxes (VAT, excise duties, corporate and personal income tax, social contributions). We offer legal support in both pre-litigation phases and in challenging tax assessments, representing clients before tax authorities and national courts. [&hellip;]<\/p>\n","protected":false},"author":1,"featured_media":643,"parent":952,"menu_order":0,"comment_status":"closed","ping_status":"closed","template":"","meta":{"footnotes":""},"class_list":["post-4716","page","type-page","status-publish","has-post-thumbnail","hentry"],"yoast_head":"<!-- This site is optimized with the Yoast SEO plugin v26.5 - https:\/\/yoast.com\/wordpress\/plugins\/seo\/ -->\n<title>Mare\u0219 &amp; Mare\u0219 - Tax Litigation \/ International Tax Law | Investiga\u021bii Interne | Conduit\u0103 | Amiabil | Reguli<\/title>\n<meta name=\"description\" content=\"Mare\u0219 &amp; Mare\u0219 - Speciali\u0219ti \u00een Investiga\u021bii Interne, Conduit\u0103 Corporativ\u0103, \u00cenc\u0103lc\u0103ri Reglementare \u0219i Solu\u021bionare Amiabil\u0103. Asisten\u021b\u0103 \u0219i Reprezentare juridic\u0103. Colabor\u0103m cu clien\u021bii pentru rezolvarea problemelor lor, adesea ca parte a unei strategii na\u021bionale sau regionale pentru solu\u021bionarea pe cale amiabil\u0103.\" \/>\n<meta name=\"robots\" content=\"index, follow, max-snippet:-1, max-image-preview:large, max-video-preview:-1\" \/>\n<link rel=\"canonical\" href=\"https:\/\/mares.ro\/en\/practices\/tax-litigation-international-tax-law\/\" \/>\n<meta property=\"og:locale\" content=\"en_US\" \/>\n<meta property=\"og:type\" content=\"article\" \/>\n<meta property=\"og:title\" content=\"Mare\u0219 &amp; Mare\u0219 - Tax Litigation \/ International Tax Law | Investiga\u021bii Interne | Conduit\u0103 | Amiabil | Reguli\" \/>\n<meta property=\"og:description\" content=\"Mare\u0219 &amp; Mare\u0219 - Speciali\u0219ti \u00een Investiga\u021bii Interne, Conduit\u0103 Corporativ\u0103, \u00cenc\u0103lc\u0103ri Reglementare \u0219i Solu\u021bionare Amiabil\u0103. Asisten\u021b\u0103 \u0219i Reprezentare juridic\u0103. Colabor\u0103m cu clien\u021bii pentru rezolvarea problemelor lor, adesea ca parte a unei strategii na\u021bionale sau regionale pentru solu\u021bionarea pe cale amiabil\u0103.\" \/>\n<meta property=\"og:url\" content=\"https:\/\/mares.ro\/en\/practices\/tax-litigation-international-tax-law\/\" \/>\n<meta property=\"og:site_name\" content=\"Mare\u0219 &amp; Mare\u0219\" \/>\n<meta property=\"article:modified_time\" content=\"2025-06-26T09:42:55+00:00\" \/>\n<meta property=\"og:image\" content=\"https:\/\/mares.ro\/wp-content\/uploads\/2023\/04\/Imagine-1-HOME-website-2-e1609079828804.jpg\" \/>\n\t<meta property=\"og:image:width\" content=\"1000\" \/>\n\t<meta property=\"og:image:height\" content=\"720\" \/>\n\t<meta property=\"og:image:type\" content=\"image\/jpeg\" \/>\n<meta name=\"twitter:card\" content=\"summary_large_image\" \/>\n<meta name=\"twitter:label1\" content=\"Est. reading time\" \/>\n\t<meta name=\"twitter:data1\" content=\"1 minute\" \/>\n<script type=\"application\/ld+json\" class=\"yoast-schema-graph\">{\"@context\":\"https:\/\/schema.org\",\"@graph\":[{\"@type\":\"WebPage\",\"@id\":\"https:\/\/mares.ro\/en\/practices\/tax-litigation-international-tax-law\/\",\"url\":\"https:\/\/mares.ro\/en\/practices\/tax-litigation-international-tax-law\/\",\"name\":\"Mare\u0219 &amp; Mare\u0219 - Tax Litigation \/ International Tax Law | Investiga\u021bii Interne | Conduit\u0103 | Amiabil | Reguli\",\"isPartOf\":{\"@id\":\"https:\/\/mares.ro\/en\/#website\"},\"primaryImageOfPage\":{\"@id\":\"https:\/\/mares.ro\/en\/practices\/tax-litigation-international-tax-law\/#primaryimage\"},\"image\":{\"@id\":\"https:\/\/mares.ro\/en\/practices\/tax-litigation-international-tax-law\/#primaryimage\"},\"thumbnailUrl\":\"https:\/\/mares.ro\/wp-content\/uploads\/2023\/04\/Imagine-1-HOME-website-2-e1609079828804.jpg\",\"datePublished\":\"2025-06-26T09:30:41+00:00\",\"dateModified\":\"2025-06-26T09:42:55+00:00\",\"description\":\"Mare\u0219 & Mare\u0219 - Speciali\u0219ti \u00een Investiga\u021bii Interne, Conduit\u0103 Corporativ\u0103, \u00cenc\u0103lc\u0103ri Reglementare \u0219i Solu\u021bionare Amiabil\u0103. Asisten\u021b\u0103 \u0219i Reprezentare juridic\u0103. Colabor\u0103m cu clien\u021bii pentru rezolvarea problemelor lor, adesea ca parte a unei strategii na\u021bionale sau regionale pentru solu\u021bionarea pe cale amiabil\u0103.\",\"breadcrumb\":{\"@id\":\"https:\/\/mares.ro\/en\/practices\/tax-litigation-international-tax-law\/#breadcrumb\"},\"inLanguage\":\"en-US\",\"potentialAction\":[{\"@type\":\"ReadAction\",\"target\":[\"https:\/\/mares.ro\/en\/practices\/tax-litigation-international-tax-law\/\"]}]},{\"@type\":\"ImageObject\",\"inLanguage\":\"en-US\",\"@id\":\"https:\/\/mares.ro\/en\/practices\/tax-litigation-international-tax-law\/#primaryimage\",\"url\":\"https:\/\/mares.ro\/wp-content\/uploads\/2023\/04\/Imagine-1-HOME-website-2-e1609079828804.jpg\",\"contentUrl\":\"https:\/\/mares.ro\/wp-content\/uploads\/2023\/04\/Imagine-1-HOME-website-2-e1609079828804.jpg\",\"width\":1000,\"height\":720},{\"@type\":\"BreadcrumbList\",\"@id\":\"https:\/\/mares.ro\/en\/practices\/tax-litigation-international-tax-law\/#breadcrumb\",\"itemListElement\":[{\"@type\":\"ListItem\",\"position\":1,\"name\":\"Prima pagin\u0103\",\"item\":\"https:\/\/mares.ro\/en\/\"},{\"@type\":\"ListItem\",\"position\":2,\"name\":\"Practices\",\"item\":\"https:\/\/mares.ro\/en\/practices\/\"},{\"@type\":\"ListItem\",\"position\":3,\"name\":\"Tax Litigation \/ International Tax Law\"}]},{\"@type\":\"WebSite\",\"@id\":\"https:\/\/mares.ro\/en\/#website\",\"url\":\"https:\/\/mares.ro\/en\/\",\"name\":\"Mare\u0219 &amp; Mare\u0219\",\"description\":\"Avoca\u021bi specializa\u021bi \u00een drept penal\",\"publisher\":{\"@id\":\"https:\/\/mares.ro\/en\/#organization\"},\"potentialAction\":[{\"@type\":\"SearchAction\",\"target\":{\"@type\":\"EntryPoint\",\"urlTemplate\":\"https:\/\/mares.ro\/en\/?s={search_term_string}\"},\"query-input\":{\"@type\":\"PropertyValueSpecification\",\"valueRequired\":true,\"valueName\":\"search_term_string\"}}],\"inLanguage\":\"en-US\"},{\"@type\":\"Organization\",\"@id\":\"https:\/\/mares.ro\/en\/#organization\",\"name\":\"Mare\u0219 & Mare\u0219\",\"url\":\"https:\/\/mares.ro\/en\/\",\"logo\":{\"@type\":\"ImageObject\",\"inLanguage\":\"en-US\",\"@id\":\"https:\/\/mares.ro\/en\/#\/schema\/logo\/image\/\",\"url\":\"https:\/\/mares.ro\/wp-content\/uploads\/2023\/04\/logo-banner.png\",\"contentUrl\":\"https:\/\/mares.ro\/wp-content\/uploads\/2023\/04\/logo-banner.png\",\"width\":1080,\"height\":350,\"caption\":\"Mare\u0219 & Mare\u0219\"},\"image\":{\"@id\":\"https:\/\/mares.ro\/en\/#\/schema\/logo\/image\/\"},\"sameAs\":[\"https:\/\/www.linkedin.com\/company\/mares-and-mares\/\"]}]}<\/script>\n<!-- \/ Yoast SEO plugin. -->","yoast_head_json":{"title":"Mare\u0219 &amp; Mare\u0219 - Tax Litigation \/ International Tax Law | Investiga\u021bii Interne | Conduit\u0103 | Amiabil | Reguli","description":"Mare\u0219 & Mare\u0219 - Speciali\u0219ti \u00een Investiga\u021bii Interne, Conduit\u0103 Corporativ\u0103, \u00cenc\u0103lc\u0103ri Reglementare \u0219i Solu\u021bionare Amiabil\u0103. Asisten\u021b\u0103 \u0219i Reprezentare juridic\u0103. Colabor\u0103m cu clien\u021bii pentru rezolvarea problemelor lor, adesea ca parte a unei strategii na\u021bionale sau regionale pentru solu\u021bionarea pe cale amiabil\u0103.","robots":{"index":"index","follow":"follow","max-snippet":"max-snippet:-1","max-image-preview":"max-image-preview:large","max-video-preview":"max-video-preview:-1"},"canonical":"https:\/\/mares.ro\/en\/practices\/tax-litigation-international-tax-law\/","og_locale":"en_US","og_type":"article","og_title":"Mare\u0219 &amp; Mare\u0219 - Tax Litigation \/ International Tax Law | Investiga\u021bii Interne | Conduit\u0103 | Amiabil | Reguli","og_description":"Mare\u0219 & Mare\u0219 - Speciali\u0219ti \u00een Investiga\u021bii Interne, Conduit\u0103 Corporativ\u0103, \u00cenc\u0103lc\u0103ri Reglementare \u0219i Solu\u021bionare Amiabil\u0103. Asisten\u021b\u0103 \u0219i Reprezentare juridic\u0103. Colabor\u0103m cu clien\u021bii pentru rezolvarea problemelor lor, adesea ca parte a unei strategii na\u021bionale sau regionale pentru solu\u021bionarea pe cale amiabil\u0103.","og_url":"https:\/\/mares.ro\/en\/practices\/tax-litigation-international-tax-law\/","og_site_name":"Mare\u0219 &amp; Mare\u0219","article_modified_time":"2025-06-26T09:42:55+00:00","og_image":[{"width":1000,"height":720,"url":"https:\/\/mares.ro\/wp-content\/uploads\/2023\/04\/Imagine-1-HOME-website-2-e1609079828804.jpg","type":"image\/jpeg"}],"twitter_card":"summary_large_image","twitter_misc":{"Est. reading time":"1 minute"},"schema":{"@context":"https:\/\/schema.org","@graph":[{"@type":"WebPage","@id":"https:\/\/mares.ro\/en\/practices\/tax-litigation-international-tax-law\/","url":"https:\/\/mares.ro\/en\/practices\/tax-litigation-international-tax-law\/","name":"Mare\u0219 &amp; Mare\u0219 - Tax Litigation \/ International Tax Law | Investiga\u021bii Interne | Conduit\u0103 | Amiabil | Reguli","isPartOf":{"@id":"https:\/\/mares.ro\/en\/#website"},"primaryImageOfPage":{"@id":"https:\/\/mares.ro\/en\/practices\/tax-litigation-international-tax-law\/#primaryimage"},"image":{"@id":"https:\/\/mares.ro\/en\/practices\/tax-litigation-international-tax-law\/#primaryimage"},"thumbnailUrl":"https:\/\/mares.ro\/wp-content\/uploads\/2023\/04\/Imagine-1-HOME-website-2-e1609079828804.jpg","datePublished":"2025-06-26T09:30:41+00:00","dateModified":"2025-06-26T09:42:55+00:00","description":"Mare\u0219 & Mare\u0219 - Speciali\u0219ti \u00een Investiga\u021bii Interne, Conduit\u0103 Corporativ\u0103, \u00cenc\u0103lc\u0103ri Reglementare \u0219i Solu\u021bionare Amiabil\u0103. Asisten\u021b\u0103 \u0219i Reprezentare juridic\u0103. Colabor\u0103m cu clien\u021bii pentru rezolvarea problemelor lor, adesea ca parte a unei strategii na\u021bionale sau regionale pentru solu\u021bionarea pe cale amiabil\u0103.","breadcrumb":{"@id":"https:\/\/mares.ro\/en\/practices\/tax-litigation-international-tax-law\/#breadcrumb"},"inLanguage":"en-US","potentialAction":[{"@type":"ReadAction","target":["https:\/\/mares.ro\/en\/practices\/tax-litigation-international-tax-law\/"]}]},{"@type":"ImageObject","inLanguage":"en-US","@id":"https:\/\/mares.ro\/en\/practices\/tax-litigation-international-tax-law\/#primaryimage","url":"https:\/\/mares.ro\/wp-content\/uploads\/2023\/04\/Imagine-1-HOME-website-2-e1609079828804.jpg","contentUrl":"https:\/\/mares.ro\/wp-content\/uploads\/2023\/04\/Imagine-1-HOME-website-2-e1609079828804.jpg","width":1000,"height":720},{"@type":"BreadcrumbList","@id":"https:\/\/mares.ro\/en\/practices\/tax-litigation-international-tax-law\/#breadcrumb","itemListElement":[{"@type":"ListItem","position":1,"name":"Prima pagin\u0103","item":"https:\/\/mares.ro\/en\/"},{"@type":"ListItem","position":2,"name":"Practices","item":"https:\/\/mares.ro\/en\/practices\/"},{"@type":"ListItem","position":3,"name":"Tax Litigation \/ International Tax Law"}]},{"@type":"WebSite","@id":"https:\/\/mares.ro\/en\/#website","url":"https:\/\/mares.ro\/en\/","name":"Mare\u0219 &amp; Mare\u0219","description":"Avoca\u021bi specializa\u021bi \u00een drept penal","publisher":{"@id":"https:\/\/mares.ro\/en\/#organization"},"potentialAction":[{"@type":"SearchAction","target":{"@type":"EntryPoint","urlTemplate":"https:\/\/mares.ro\/en\/?s={search_term_string}"},"query-input":{"@type":"PropertyValueSpecification","valueRequired":true,"valueName":"search_term_string"}}],"inLanguage":"en-US"},{"@type":"Organization","@id":"https:\/\/mares.ro\/en\/#organization","name":"Mare\u0219 & Mare\u0219","url":"https:\/\/mares.ro\/en\/","logo":{"@type":"ImageObject","inLanguage":"en-US","@id":"https:\/\/mares.ro\/en\/#\/schema\/logo\/image\/","url":"https:\/\/mares.ro\/wp-content\/uploads\/2023\/04\/logo-banner.png","contentUrl":"https:\/\/mares.ro\/wp-content\/uploads\/2023\/04\/logo-banner.png","width":1080,"height":350,"caption":"Mare\u0219 & Mare\u0219"},"image":{"@id":"https:\/\/mares.ro\/en\/#\/schema\/logo\/image\/"},"sameAs":["https:\/\/www.linkedin.com\/company\/mares-and-mares\/"]}]}},"_links":{"self":[{"href":"https:\/\/mares.ro\/en\/wp-json\/wp\/v2\/pages\/4716","targetHints":{"allow":["GET"]}}],"collection":[{"href":"https:\/\/mares.ro\/en\/wp-json\/wp\/v2\/pages"}],"about":[{"href":"https:\/\/mares.ro\/en\/wp-json\/wp\/v2\/types\/page"}],"author":[{"embeddable":true,"href":"https:\/\/mares.ro\/en\/wp-json\/wp\/v2\/users\/1"}],"replies":[{"embeddable":true,"href":"https:\/\/mares.ro\/en\/wp-json\/wp\/v2\/comments?post=4716"}],"version-history":[{"count":4,"href":"https:\/\/mares.ro\/en\/wp-json\/wp\/v2\/pages\/4716\/revisions"}],"predecessor-version":[{"id":4726,"href":"https:\/\/mares.ro\/en\/wp-json\/wp\/v2\/pages\/4716\/revisions\/4726"}],"up":[{"embeddable":true,"href":"https:\/\/mares.ro\/en\/wp-json\/wp\/v2\/pages\/952"}],"wp:featuredmedia":[{"embeddable":true,"href":"https:\/\/mares.ro\/en\/wp-json\/wp\/v2\/media\/643"}],"wp:attachment":[{"href":"https:\/\/mares.ro\/en\/wp-json\/wp\/v2\/media?parent=4716"}],"curies":[{"name":"wp","href":"https:\/\/api.w.org\/{rel}","templated":true}]}}