{"id":1139,"date":"2023-06-13T18:34:15","date_gmt":"2023-06-13T15:34:15","guid":{"rendered":"https:\/\/dev.risksoft.ro\/mares\/?page_id=1139"},"modified":"2025-05-28T12:02:35","modified_gmt":"2025-05-28T09:02:35","slug":"criminal-law","status":"publish","type":"page","link":"https:\/\/mares.ro\/en\/practices\/criminal-law\/","title":{"rendered":"General Criminal Law \/ White-Collar Crime"},"content":{"rendered":"\t\t<div data-elementor-type=\"wp-page\" data-elementor-id=\"1139\" class=\"elementor elementor-1139\" data-elementor-post-type=\"page\">\n\t\t\t\t<div class=\"elementor-element elementor-element-be4829f e-con-full e-flex e-con e-parent\" data-id=\"be4829f\" data-element_type=\"container\" data-e-type=\"container\" data-settings=\"{&quot;background_background&quot;:&quot;classic&quot;}\">\n\t\t<div class=\"elementor-element elementor-element-38483e8 e-flex e-con-boxed e-con e-child\" data-id=\"38483e8\" data-element_type=\"container\" data-e-type=\"container\">\n\t\t\t\t\t<div class=\"e-con-inner\">\n\t\t<div class=\"elementor-element elementor-element-6a9daa4 e-con-full e-flex e-con e-child\" data-id=\"6a9daa4\" data-element_type=\"container\" data-e-type=\"container\">\n\t\t\t\t<div class=\"elementor-element elementor-element-7c8240a elementor-widget elementor-widget-text-editor\" data-id=\"7c8240a\" data-element_type=\"widget\" data-e-type=\"widget\" data-widget_type=\"text-editor.default\">\n\t\t\t\t<div class=\"elementor-widget-container\">\n\t\t\t\t\t\t\t\t\t<div class=\"vc_column-inner\"><div class=\"wpb_wrapper\"><div class=\"wpb_text_column wpb_content_element \"><div class=\"wpb_wrapper\"><p>Mare\u0219 &amp; Mare\u0219 law firm is well-versed in all aspects of white-collar crime, including fraud, embezzlement, money laundering, bribery &amp; corruption, extradition, criminal compliance, cybercrime, insider trading &amp; antitrust violations, intellectual property and environmental crimes.<\/p><p>We represent our clients in court proceedings, courts, the Court of Appeal, the High Court of Cassation and Justice, as well as in cases investigated by DIICOT (Directorate for the Investigation of Organized Crime and Terrorism), DNA (National Anticorruption Directorate), and ANI (National Integrity Agency).<\/p><\/div><\/div><\/div><\/div>\t\t\t\t\t\t\t\t<\/div>\n\t\t\t\t<\/div>\n\t\t\t\t<div class=\"elementor-element elementor-element-6664f5a elementor-widget elementor-widget-text-editor\" data-id=\"6664f5a\" data-element_type=\"widget\" data-e-type=\"widget\" data-widget_type=\"text-editor.default\">\n\t\t\t\t<div class=\"elementor-widget-container\">\n\t\t\t\t\t\t\t\t\t<div class=\"vc_column-inner\"><div class=\"wpb_wrapper\"><div class=\"wpb_text_column wpb_content_element \"><div class=\"wpb_wrapper\"><div class=\"vc_column-inner\"><div class=\"wpb_wrapper\"><div class=\"wpb_text_column wpb_content_element \"><div class=\"wpb_wrapper\"><div class=\"vc_column-inner\"><div class=\"wpb_wrapper\"><div class=\"wpb_text_column wpb_content_element \"><div class=\"wpb_wrapper\"><p>Beyond our extensive criminal defence work, we also offer innovative solutions in the realm of civil enforcement. Our approach to civil enforcement is comprehensive and tailored to each client&#8217;s unique needs and objectives. By working closely with our clients, we develop integrated strategies that not only resolve their immediate legal challenges but also shield them from future liabilities.<\/p><p>The driving force behind our White-Collar Crime practice is Mihai Mare\u00e7, the managing partner of Mare\u00e7 &amp; Mare\u00e7 firm. With a proven track record of delivering exceptional legal representation, Mihai has established himself as one of Romania&#8217;s leading white-collar criminal defence attorneys.<\/p><\/div><\/div><\/div><\/div><\/div><\/div><\/div><\/div><\/div><\/div><\/div><\/div>\t\t\t\t\t\t\t\t<\/div>\n\t\t\t\t<\/div>\n\t\t\t\t<\/div>\n\t\t<div class=\"elementor-element elementor-element-8ae1e30 e-con-full e-flex e-con e-child\" data-id=\"8ae1e30\" data-element_type=\"container\" data-e-type=\"container\">\n\t\t\t\t<div class=\"elementor-element elementor-element-9f12232 elementor-widget elementor-widget-image\" data-id=\"9f12232\" data-element_type=\"widget\" data-e-type=\"widget\" data-widget_type=\"image.default\">\n\t\t\t\t<div class=\"elementor-widget-container\">\n\t\t\t\t\t\t\t\t\t\t\t\t\t\t\t<img fetchpriority=\"high\" decoding=\"async\" width=\"2511\" height=\"2065\" src=\"https:\/\/mares.ro\/wp-content\/uploads\/2023\/09\/1-1.png\" class=\"attachment-full size-full wp-image-2264\" alt=\"\" srcset=\"https:\/\/mares.ro\/wp-content\/uploads\/2023\/09\/1-1.png 2511w, https:\/\/mares.ro\/wp-content\/uploads\/2023\/09\/1-1-300x247.png 300w, https:\/\/mares.ro\/wp-content\/uploads\/2023\/09\/1-1-1024x842.png 1024w, https:\/\/mares.ro\/wp-content\/uploads\/2023\/09\/1-1-768x632.png 768w, https:\/\/mares.ro\/wp-content\/uploads\/2023\/09\/1-1-1536x1263.png 1536w, https:\/\/mares.ro\/wp-content\/uploads\/2023\/09\/1-1-2048x1684.png 2048w\" sizes=\"(max-width: 2511px) 100vw, 2511px\" \/>\t\t\t\t\t\t\t\t\t\t\t\t\t\t\t<\/div>\n\t\t\t\t<\/div>\n\t\t\t\t<\/div>\n\t\t\t\t\t<\/div>\n\t\t\t\t<\/div>\n\t\t\t\t<\/div>\n\t\t\t\t<\/div>\n\t\t","protected":false},"excerpt":{"rendered":"<p><b>Representation in Criminal Cases<\/b><\/p>\n","protected":false},"author":1,"featured_media":643,"parent":952,"menu_order":0,"comment_status":"closed","ping_status":"closed","template":"","meta":{"footnotes":""},"class_list":["post-1139","page","type-page","status-publish","has-post-thumbnail","hentry"],"yoast_head":"<!-- This site is optimized with the Yoast SEO plugin v26.5 - https:\/\/yoast.com\/wordpress\/plugins\/seo\/ -->\n<title>Mare\u0219 &amp; Mare\u0219 - General Criminal Law \/ White-Collar Crime | White-collar | corruption | embezzlement | extradition<\/title>\n<meta name=\"description\" content=\"We represent our clients in all aspects of white-collar crime, including fraud, embezzlement, money laundering, bribery &amp; corruption, extradition, criminal law &amp; compliance, cybercrime, insider trading &amp; antitrust violations.\" \/>\n<meta name=\"robots\" content=\"index, follow, max-snippet:-1, max-image-preview:large, max-video-preview:-1\" \/>\n<link rel=\"canonical\" href=\"https:\/\/mares.ro\/en\/practices\/criminal-law\/\" \/>\n<meta property=\"og:locale\" content=\"en_US\" \/>\n<meta property=\"og:type\" content=\"article\" \/>\n<meta property=\"og:title\" content=\"Mare\u0219 &amp; Mare\u0219 - General Criminal Law \/ White-Collar Crime | White-collar | corruption | embezzlement | extradition\" \/>\n<meta property=\"og:description\" content=\"We represent our clients in all aspects of white-collar crime, including fraud, embezzlement, money laundering, bribery &amp; corruption, extradition, criminal law &amp; compliance, cybercrime, insider trading &amp; antitrust violations.\" \/>\n<meta property=\"og:url\" content=\"https:\/\/mares.ro\/en\/practices\/criminal-law\/\" \/>\n<meta property=\"og:site_name\" content=\"Mare\u0219 &amp; Mare\u0219\" \/>\n<meta property=\"article:modified_time\" content=\"2025-05-28T09:02:35+00:00\" \/>\n<meta property=\"og:image\" content=\"https:\/\/mares.ro\/wp-content\/uploads\/2023\/04\/Imagine-1-HOME-website-2-e1609079828804.jpg\" \/>\n\t<meta property=\"og:image:width\" content=\"1000\" \/>\n\t<meta property=\"og:image:height\" content=\"720\" \/>\n\t<meta property=\"og:image:type\" content=\"image\/jpeg\" \/>\n<meta name=\"twitter:card\" content=\"summary_large_image\" \/>\n<meta name=\"twitter:label1\" content=\"Est. reading time\" \/>\n\t<meta name=\"twitter:data1\" content=\"2 minutes\" \/>\n<script type=\"application\/ld+json\" class=\"yoast-schema-graph\">{\"@context\":\"https:\/\/schema.org\",\"@graph\":[{\"@type\":\"WebPage\",\"@id\":\"https:\/\/mares.ro\/en\/practices\/criminal-law\/\",\"url\":\"https:\/\/mares.ro\/en\/practices\/criminal-law\/\",\"name\":\"Mare\u0219 &amp; Mare\u0219 - General Criminal Law \/ White-Collar Crime | White-collar | corruption | embezzlement | extradition\",\"isPartOf\":{\"@id\":\"https:\/\/mares.ro\/en\/#website\"},\"primaryImageOfPage\":{\"@id\":\"https:\/\/mares.ro\/en\/practices\/criminal-law\/#primaryimage\"},\"image\":{\"@id\":\"https:\/\/mares.ro\/en\/practices\/criminal-law\/#primaryimage\"},\"thumbnailUrl\":\"https:\/\/mares.ro\/wp-content\/uploads\/2023\/04\/Imagine-1-HOME-website-2-e1609079828804.jpg\",\"datePublished\":\"2023-06-13T15:34:15+00:00\",\"dateModified\":\"2025-05-28T09:02:35+00:00\",\"description\":\"We represent our clients in all aspects of white-collar crime, including fraud, embezzlement, money laundering, bribery & corruption, extradition, criminal law & compliance, cybercrime, insider trading & antitrust violations.\",\"breadcrumb\":{\"@id\":\"https:\/\/mares.ro\/en\/practices\/criminal-law\/#breadcrumb\"},\"inLanguage\":\"en-US\",\"potentialAction\":[{\"@type\":\"ReadAction\",\"target\":[\"https:\/\/mares.ro\/en\/practices\/criminal-law\/\"]}]},{\"@type\":\"ImageObject\",\"inLanguage\":\"en-US\",\"@id\":\"https:\/\/mares.ro\/en\/practices\/criminal-law\/#primaryimage\",\"url\":\"https:\/\/mares.ro\/wp-content\/uploads\/2023\/04\/Imagine-1-HOME-website-2-e1609079828804.jpg\",\"contentUrl\":\"https:\/\/mares.ro\/wp-content\/uploads\/2023\/04\/Imagine-1-HOME-website-2-e1609079828804.jpg\",\"width\":1000,\"height\":720},{\"@type\":\"BreadcrumbList\",\"@id\":\"https:\/\/mares.ro\/en\/practices\/criminal-law\/#breadcrumb\",\"itemListElement\":[{\"@type\":\"ListItem\",\"position\":1,\"name\":\"Prima pagin\u0103\",\"item\":\"https:\/\/mares.ro\/en\/\"},{\"@type\":\"ListItem\",\"position\":2,\"name\":\"Practices\",\"item\":\"https:\/\/mares.ro\/en\/practices\/\"},{\"@type\":\"ListItem\",\"position\":3,\"name\":\"General Criminal Law \/ White-Collar Crime\"}]},{\"@type\":\"WebSite\",\"@id\":\"https:\/\/mares.ro\/en\/#website\",\"url\":\"https:\/\/mares.ro\/en\/\",\"name\":\"Mare\u0219 &amp; Mare\u0219\",\"description\":\"Avoca\u021bi specializa\u021bi \u00een drept penal\",\"publisher\":{\"@id\":\"https:\/\/mares.ro\/en\/#organization\"},\"potentialAction\":[{\"@type\":\"SearchAction\",\"target\":{\"@type\":\"EntryPoint\",\"urlTemplate\":\"https:\/\/mares.ro\/en\/?s={search_term_string}\"},\"query-input\":{\"@type\":\"PropertyValueSpecification\",\"valueRequired\":true,\"valueName\":\"search_term_string\"}}],\"inLanguage\":\"en-US\"},{\"@type\":\"Organization\",\"@id\":\"https:\/\/mares.ro\/en\/#organization\",\"name\":\"Mare\u0219 & Mare\u0219\",\"url\":\"https:\/\/mares.ro\/en\/\",\"logo\":{\"@type\":\"ImageObject\",\"inLanguage\":\"en-US\",\"@id\":\"https:\/\/mares.ro\/en\/#\/schema\/logo\/image\/\",\"url\":\"https:\/\/mares.ro\/wp-content\/uploads\/2023\/04\/logo-banner.png\",\"contentUrl\":\"https:\/\/mares.ro\/wp-content\/uploads\/2023\/04\/logo-banner.png\",\"width\":1080,\"height\":350,\"caption\":\"Mare\u0219 & Mare\u0219\"},\"image\":{\"@id\":\"https:\/\/mares.ro\/en\/#\/schema\/logo\/image\/\"},\"sameAs\":[\"https:\/\/www.linkedin.com\/company\/mares-and-mares\/\"]}]}<\/script>\n<!-- \/ Yoast SEO plugin. -->","yoast_head_json":{"title":"Mare\u0219 &amp; Mare\u0219 - General Criminal Law \/ White-Collar Crime | White-collar | corruption | embezzlement | extradition","description":"We represent our clients in all aspects of white-collar crime, including fraud, embezzlement, money laundering, bribery & corruption, extradition, criminal law & compliance, cybercrime, insider trading & antitrust violations.","robots":{"index":"index","follow":"follow","max-snippet":"max-snippet:-1","max-image-preview":"max-image-preview:large","max-video-preview":"max-video-preview:-1"},"canonical":"https:\/\/mares.ro\/en\/practices\/criminal-law\/","og_locale":"en_US","og_type":"article","og_title":"Mare\u0219 &amp; Mare\u0219 - General Criminal Law \/ White-Collar Crime | White-collar | corruption | embezzlement | extradition","og_description":"We represent our clients in all aspects of white-collar crime, including fraud, embezzlement, money laundering, bribery & corruption, extradition, criminal law & compliance, cybercrime, insider trading & antitrust violations.","og_url":"https:\/\/mares.ro\/en\/practices\/criminal-law\/","og_site_name":"Mare\u0219 &amp; Mare\u0219","article_modified_time":"2025-05-28T09:02:35+00:00","og_image":[{"width":1000,"height":720,"url":"https:\/\/mares.ro\/wp-content\/uploads\/2023\/04\/Imagine-1-HOME-website-2-e1609079828804.jpg","type":"image\/jpeg"}],"twitter_card":"summary_large_image","twitter_misc":{"Est. reading time":"2 minutes"},"schema":{"@context":"https:\/\/schema.org","@graph":[{"@type":"WebPage","@id":"https:\/\/mares.ro\/en\/practices\/criminal-law\/","url":"https:\/\/mares.ro\/en\/practices\/criminal-law\/","name":"Mare\u0219 &amp; Mare\u0219 - General Criminal Law \/ White-Collar Crime | White-collar | corruption | embezzlement | extradition","isPartOf":{"@id":"https:\/\/mares.ro\/en\/#website"},"primaryImageOfPage":{"@id":"https:\/\/mares.ro\/en\/practices\/criminal-law\/#primaryimage"},"image":{"@id":"https:\/\/mares.ro\/en\/practices\/criminal-law\/#primaryimage"},"thumbnailUrl":"https:\/\/mares.ro\/wp-content\/uploads\/2023\/04\/Imagine-1-HOME-website-2-e1609079828804.jpg","datePublished":"2023-06-13T15:34:15+00:00","dateModified":"2025-05-28T09:02:35+00:00","description":"We represent our clients in all aspects of white-collar crime, including fraud, embezzlement, money laundering, bribery & corruption, extradition, criminal law & compliance, cybercrime, insider trading & antitrust violations.","breadcrumb":{"@id":"https:\/\/mares.ro\/en\/practices\/criminal-law\/#breadcrumb"},"inLanguage":"en-US","potentialAction":[{"@type":"ReadAction","target":["https:\/\/mares.ro\/en\/practices\/criminal-law\/"]}]},{"@type":"ImageObject","inLanguage":"en-US","@id":"https:\/\/mares.ro\/en\/practices\/criminal-law\/#primaryimage","url":"https:\/\/mares.ro\/wp-content\/uploads\/2023\/04\/Imagine-1-HOME-website-2-e1609079828804.jpg","contentUrl":"https:\/\/mares.ro\/wp-content\/uploads\/2023\/04\/Imagine-1-HOME-website-2-e1609079828804.jpg","width":1000,"height":720},{"@type":"BreadcrumbList","@id":"https:\/\/mares.ro\/en\/practices\/criminal-law\/#breadcrumb","itemListElement":[{"@type":"ListItem","position":1,"name":"Prima pagin\u0103","item":"https:\/\/mares.ro\/en\/"},{"@type":"ListItem","position":2,"name":"Practices","item":"https:\/\/mares.ro\/en\/practices\/"},{"@type":"ListItem","position":3,"name":"General Criminal Law \/ White-Collar Crime"}]},{"@type":"WebSite","@id":"https:\/\/mares.ro\/en\/#website","url":"https:\/\/mares.ro\/en\/","name":"Mare\u0219 &amp; Mare\u0219","description":"Avoca\u021bi specializa\u021bi \u00een drept penal","publisher":{"@id":"https:\/\/mares.ro\/en\/#organization"},"potentialAction":[{"@type":"SearchAction","target":{"@type":"EntryPoint","urlTemplate":"https:\/\/mares.ro\/en\/?s={search_term_string}"},"query-input":{"@type":"PropertyValueSpecification","valueRequired":true,"valueName":"search_term_string"}}],"inLanguage":"en-US"},{"@type":"Organization","@id":"https:\/\/mares.ro\/en\/#organization","name":"Mare\u0219 & Mare\u0219","url":"https:\/\/mares.ro\/en\/","logo":{"@type":"ImageObject","inLanguage":"en-US","@id":"https:\/\/mares.ro\/en\/#\/schema\/logo\/image\/","url":"https:\/\/mares.ro\/wp-content\/uploads\/2023\/04\/logo-banner.png","contentUrl":"https:\/\/mares.ro\/wp-content\/uploads\/2023\/04\/logo-banner.png","width":1080,"height":350,"caption":"Mare\u0219 & Mare\u0219"},"image":{"@id":"https:\/\/mares.ro\/en\/#\/schema\/logo\/image\/"},"sameAs":["https:\/\/www.linkedin.com\/company\/mares-and-mares\/"]}]}},"_links":{"self":[{"href":"https:\/\/mares.ro\/en\/wp-json\/wp\/v2\/pages\/1139","targetHints":{"allow":["GET"]}}],"collection":[{"href":"https:\/\/mares.ro\/en\/wp-json\/wp\/v2\/pages"}],"about":[{"href":"https:\/\/mares.ro\/en\/wp-json\/wp\/v2\/types\/page"}],"author":[{"embeddable":true,"href":"https:\/\/mares.ro\/en\/wp-json\/wp\/v2\/users\/1"}],"replies":[{"embeddable":true,"href":"https:\/\/mares.ro\/en\/wp-json\/wp\/v2\/comments?post=1139"}],"version-history":[{"count":2,"href":"https:\/\/mares.ro\/en\/wp-json\/wp\/v2\/pages\/1139\/revisions"}],"predecessor-version":[{"id":4668,"href":"https:\/\/mares.ro\/en\/wp-json\/wp\/v2\/pages\/1139\/revisions\/4668"}],"up":[{"embeddable":true,"href":"https:\/\/mares.ro\/en\/wp-json\/wp\/v2\/pages\/952"}],"wp:featuredmedia":[{"embeddable":true,"href":"https:\/\/mares.ro\/en\/wp-json\/wp\/v2\/media\/643"}],"wp:attachment":[{"href":"https:\/\/mares.ro\/en\/wp-json\/wp\/v2\/media?parent=1139"}],"curies":[{"name":"wp","href":"https:\/\/api.w.org\/{rel}","templated":true}]}}